{"id":14,"date":"2026-03-25T12:46:04","date_gmt":"2026-03-25T12:46:04","guid":{"rendered":"https:\/\/ecp28.com\/?page_id=14"},"modified":"2026-04-01T23:01:54","modified_gmt":"2026-04-01T23:01:54","slug":"14-2","status":"publish","type":"page","link":"https:\/\/ecp28.com\/","title":{"rendered":""},"content":{"rendered":"\t\t<div data-elementor-type=\"wp-page\" data-elementor-id=\"14\" class=\"elementor elementor-14\">\n\t\t\t\t<div class=\"elementor-element elementor-element-d925610 e-flex e-con-boxed wpr-particle-no wpr-jarallax-no wpr-parallax-no wpr-sticky-section-no e-con e-parent\" data-id=\"d925610\" data-element_type=\"container\" data-e-type=\"container\">\n\t\t\t\t\t<div class=\"e-con-inner\">\n\t\t\t\t<div class=\"elementor-element elementor-element-e4fe4ce elementor-widget-divider--view-line elementor-widget elementor-widget-divider\" data-id=\"e4fe4ce\" data-element_type=\"widget\" data-e-type=\"widget\" data-widget_type=\"divider.default\">\n\t\t\t\t\t\t\t<div class=\"elementor-divider\">\n\t\t\t<span class=\"elementor-divider-separator\">\n\t\t\t\t\t\t<\/span>\n\t\t<\/div>\n\t\t\t\t\t\t<\/div>\n\t\t\t\t<div class=\"elementor-element elementor-element-79cd232 elementor-widget-divider--view-line elementor-widget elementor-widget-divider\" data-id=\"79cd232\" data-element_type=\"widget\" data-e-type=\"widget\" data-widget_type=\"divider.default\">\n\t\t\t\t\t\t\t<div class=\"elementor-divider\">\n\t\t\t<span class=\"elementor-divider-separator\">\n\t\t\t\t\t\t<\/span>\n\t\t<\/div>\n\t\t\t\t\t\t<\/div>\n\t\t<div class=\"elementor-element elementor-element-6f1e984 e-con-full e-flex wpr-particle-no wpr-jarallax-no wpr-parallax-no wpr-sticky-section-no e-con e-child\" data-id=\"6f1e984\" data-element_type=\"container\" data-e-type=\"container\">\n\t\t\t\t<div class=\"elementor-element elementor-element-3542799 elementor-widget elementor-widget-heading\" data-id=\"3542799\" data-element_type=\"widget\" data-e-type=\"widget\" data-widget_type=\"heading.default\">\n\t\t\t\t\t<h1 class=\"elementor-heading-title elementor-size-default\">Climatisation, Pompe \u00e0 Chaleur &amp; \u00c9lectricit\u00e9<\/h1>\t\t\t\t<\/div>\n\t\t\t\t<div class=\"elementor-element elementor-element-b61888e elementor-widget elementor-widget-heading\" data-id=\"b61888e\" data-element_type=\"widget\" data-e-type=\"widget\" data-widget_type=\"heading.default\">\n\t\t\t\t\t<h2 class=\"elementor-heading-title elementor-size-default\">Installation, maintenance et d\u00e9pannage en Eure-et-Loir (28), Yvelines (78), Loiret (45) et Essonne (91)<\/h2>\t\t\t\t<\/div>\n\t\t\t\t<\/div>\n\t\t\t\t\t<\/div>\n\t\t\t\t<\/div>\n\t\t<div class=\"elementor-element elementor-element-9912905 e-flex e-con-boxed wpr-particle-no wpr-jarallax-no wpr-parallax-no wpr-sticky-section-no e-con e-parent\" data-id=\"9912905\" data-element_type=\"container\" data-e-type=\"container\">\n\t\t\t\t\t<div class=\"e-con-inner\">\n\t\t<div class=\"elementor-element elementor-element-d402c8b e-con-full e-flex wpr-particle-no wpr-jarallax-no wpr-parallax-no wpr-sticky-section-no e-con e-child\" data-id=\"d402c8b\" data-element_type=\"container\" data-e-type=\"container\">\n\t\t\t\t<div class=\"elementor-element elementor-element-bfdf98f elementor-widget elementor-widget-image\" data-id=\"bfdf98f\" data-element_type=\"widget\" data-e-type=\"widget\" data-widget_type=\"image.default\">\n\t\t\t\t\t\t\t\t\t\t\t\t\t\t\t<img fetchpriority=\"high\" decoding=\"async\" width=\"768\" height=\"1152\" src=\"http:\/\/ecp28.com\/wp-content\/uploads\/2026\/04\/FCF2DF34-5A46-4893-AECC-3A1A286286D1-768x1152.png\" class=\"attachment-medium_large size-medium_large wp-image-58\" alt=\"Portrait Entrepreneur ECP28\" srcset=\"http:\/\/ecp28.com\/wp-content\/uploads\/2026\/04\/FCF2DF34-5A46-4893-AECC-3A1A286286D1-768x1152.png 768w, http:\/\/ecp28.com\/wp-content\/uploads\/2026\/04\/FCF2DF34-5A46-4893-AECC-3A1A286286D1-200x300.png 200w, http:\/\/ecp28.com\/wp-content\/uploads\/2026\/04\/FCF2DF34-5A46-4893-AECC-3A1A286286D1-683x1024.png 683w, http:\/\/ecp28.com\/wp-content\/uploads\/2026\/04\/FCF2DF34-5A46-4893-AECC-3A1A286286D1.png 1024w\" sizes=\"(max-width: 768px) 100vw, 768px\" \/>\t\t\t\t\t\t\t\t\t\t\t\t\t\t\t<\/div>\n\t\t\t\t<div class=\"elementor-element elementor-element-f85dd70 elementor-widget elementor-widget-heading\" data-id=\"f85dd70\" data-element_type=\"widget\" data-e-type=\"widget\" data-widget_type=\"heading.default\">\n\t\t\t\t\t<h4 class=\"elementor-heading-title elementor-size-default\">Cornueau S\u00e9bastien, Fondateur \u2013 Depuis 2019<\/h4>\t\t\t\t<\/div>\n\t\t\t\t<\/div>\n\t\t<div class=\"elementor-element elementor-element-6411a9a e-con-full e-flex wpr-particle-no wpr-jarallax-no wpr-parallax-no wpr-sticky-section-no e-con e-child\" data-id=\"6411a9a\" data-element_type=\"container\" data-e-type=\"container\">\n\t\t\t\t<div class=\"elementor-element elementor-element-dd8b173 elementor-widget-divider--view-line elementor-widget elementor-widget-divider\" data-id=\"dd8b173\" data-element_type=\"widget\" data-e-type=\"widget\" data-widget_type=\"divider.default\">\n\t\t\t\t\t\t\t<div class=\"elementor-divider\">\n\t\t\t<span class=\"elementor-divider-separator\">\n\t\t\t\t\t\t<\/span>\n\t\t<\/div>\n\t\t\t\t\t\t<\/div>\n\t\t\t\t<div class=\"elementor-element elementor-element-4de7d32 elementor-widget elementor-widget-heading\" data-id=\"4de7d32\" data-element_type=\"widget\" data-e-type=\"widget\" data-widget_type=\"heading.default\">\n\t\t\t\t\t<h3 class=\"elementor-heading-title elementor-size-default\">Fiable et r\u00e9actif, au service de vos projets<\/h3>\t\t\t\t<\/div>\n\t\t\t\t<div class=\"elementor-element elementor-element-26d3c9f elementor-widget elementor-widget-text-editor\" data-id=\"26d3c9f\" data-element_type=\"widget\" data-e-type=\"widget\" data-widget_type=\"text-editor.default\">\n\t\t\t\t\t\t\t\t\t<p data-start=\"612\" data-end=\"774\">Cr\u00e9\u00e9e en 2019, l\u2019entreprise s\u2019appuie sur un savoir-faire acquis depuis de nombreuses ann\u00e9es dans les domaines de la climatisation, du froid et de l\u2019\u00e9lectricit\u00e9.<\/p><p data-start=\"781\" data-end=\"976\">Interventions aupr\u00e8s des particuliers et des professionnels, avec une approche bas\u00e9e sur la fiabilit\u00e9, la r\u00e9activit\u00e9 et la qualit\u00e9 du travail, de l\u2019installation au d\u00e9pannage.<\/p><p data-start=\"781\" data-end=\"976\">Nous accompagnons \u00e9galement les professionnels dans leurs projets en sous-traitance, avec s\u00e9rieux, r\u00e9activit\u00e9 et respect des d\u00e9lais.<\/p>\t\t\t\t\t\t\t\t<\/div>\n\t\t\t\t<\/div>\n\t\t\t\t\t<\/div>\n\t\t\t\t<\/div>\n\t\t<div class=\"elementor-element elementor-element-ca61cbc e-flex e-con-boxed wpr-particle-no wpr-jarallax-no wpr-parallax-no wpr-sticky-section-no e-con e-parent\" data-id=\"ca61cbc\" data-element_type=\"container\" data-e-type=\"container\">\n\t\t\t\t\t<div class=\"e-con-inner\">\n\t\t\t\t<div class=\"elementor-element elementor-element-297a73e elementor-widget-divider--view-line elementor-widget elementor-widget-divider\" data-id=\"297a73e\" data-element_type=\"widget\" data-e-type=\"widget\" data-widget_type=\"divider.default\">\n\t\t\t\t\t\t\t<div class=\"elementor-divider\">\n\t\t\t<span class=\"elementor-divider-separator\">\n\t\t\t\t\t\t<\/span>\n\t\t<\/div>\n\t\t\t\t\t\t<\/div>\n\t\t\t\t<div class=\"elementor-element elementor-element-0f72b8e elementor-widget elementor-widget-heading\" data-id=\"0f72b8e\" data-element_type=\"widget\" data-e-type=\"widget\" data-widget_type=\"heading.default\">\n\t\t\t\t\t<h2 class=\"elementor-heading-title elementor-size-default\">Climatisation &amp; Pompes \u00e0 chaleur<\/h2>\t\t\t\t<\/div>\n\t\t\t\t\t<\/div>\n\t\t\t\t<\/div>\n\t\t<div class=\"elementor-element elementor-element-ffdefd0 e-flex e-con-boxed wpr-particle-no wpr-jarallax-no wpr-parallax-no wpr-sticky-section-no e-con e-parent\" data-id=\"ffdefd0\" data-element_type=\"container\" data-e-type=\"container\">\n\t\t\t\t\t<div class=\"e-con-inner\">\n\t\t<div class=\"elementor-element elementor-element-5cb747d e-con-full e-flex wpr-particle-no wpr-jarallax-no wpr-parallax-no wpr-sticky-section-no e-con e-child\" data-id=\"5cb747d\" data-element_type=\"container\" data-e-type=\"container\">\n\t\t\t\t<div class=\"elementor-element elementor-element-e4a85e6 elementor-widget elementor-widget-heading\" data-id=\"e4a85e6\" data-element_type=\"widget\" data-e-type=\"widget\" data-widget_type=\"heading.default\">\n\t\t\t\t\t<h3 class=\"elementor-heading-title elementor-size-default\">Clim (air\/air)<\/h3>\t\t\t\t<\/div>\n\t\t\t\t<div class=\"elementor-element elementor-element-2c4d08e elementor-widget elementor-widget-image\" data-id=\"2c4d08e\" data-element_type=\"widget\" data-e-type=\"widget\" data-widget_type=\"image.default\">\n\t\t\t\t\t\t\t\t\t\t\t\t\t\t\t<img decoding=\"async\" src=\"http:\/\/ecp28.com\/wp-content\/plugins\/elementor\/assets\/images\/placeholder.png\" title=\"\" alt=\"\" loading=\"lazy\" \/>\t\t\t\t\t\t\t\t\t\t\t\t\t\t\t<\/div>\n\t\t\t\t<div class=\"elementor-element elementor-element-5fb96ef elementor-widget elementor-widget-text-editor\" data-id=\"5fb96ef\" data-element_type=\"widget\" data-e-type=\"widget\" data-widget_type=\"text-editor.default\">\n\t\t\t\t\t\t\t\t\t<p>Lorem ipsum dolor sit amet, consectetur adipiscing elit. Ut elit tellus, luctus nec ullamcorper mattis, pulvinar dapibus leo.<\/p>\t\t\t\t\t\t\t\t<\/div>\n\t\t\t\t<div class=\"elementor-element elementor-element-a84546c elementor-align-center elementor-widget elementor-widget-button\" data-id=\"a84546c\" data-element_type=\"widget\" data-e-type=\"widget\" data-widget_type=\"button.default\">\n\t\t\t\t\t\t\t\t\t\t<a class=\"elementor-button elementor-button-link elementor-size-sm\" href=\"#\">\n\t\t\t\t\t\t<span class=\"elementor-button-content-wrapper\">\n\t\t\t\t\t\t\t\t\t<span class=\"elementor-button-text\">Cliquez ici<\/span>\n\t\t\t\t\t<\/span>\n\t\t\t\t\t<\/a>\n\t\t\t\t\t\t\t\t<\/div>\n\t\t\t\t<\/div>\n\t\t<div class=\"elementor-element elementor-element-bce3c77 e-con-full e-flex wpr-particle-no wpr-jarallax-no wpr-parallax-no wpr-sticky-section-no e-con e-child\" data-id=\"bce3c77\" data-element_type=\"container\" data-e-type=\"container\">\n\t\t\t\t<div class=\"elementor-element elementor-element-a2d11d1 elementor-widget elementor-widget-heading\" data-id=\"a2d11d1\" data-element_type=\"widget\" data-e-type=\"widget\" data-widget_type=\"heading.default\">\n\t\t\t\t\t<h3 class=\"elementor-heading-title elementor-size-default\">PAC Air\/Eau<\/h3>\t\t\t\t<\/div>\n\t\t\t\t<div class=\"elementor-element elementor-element-c8b2dfa elementor-widget elementor-widget-image\" data-id=\"c8b2dfa\" data-element_type=\"widget\" data-e-type=\"widget\" data-widget_type=\"image.default\">\n\t\t\t\t\t\t\t\t\t\t\t\t\t\t\t<img decoding=\"async\" src=\"http:\/\/ecp28.com\/wp-content\/plugins\/elementor\/assets\/images\/placeholder.png\" title=\"\" alt=\"\" loading=\"lazy\" \/>\t\t\t\t\t\t\t\t\t\t\t\t\t\t\t<\/div>\n\t\t\t\t<div class=\"elementor-element elementor-element-8bdb1c4 elementor-widget elementor-widget-text-editor\" data-id=\"8bdb1c4\" data-element_type=\"widget\" data-e-type=\"widget\" data-widget_type=\"text-editor.default\">\n\t\t\t\t\t\t\t\t\t<p>Lorem ipsum dolor sit amet, consectetur adipiscing elit. Ut elit tellus, luctus nec ullamcorper mattis, pulvinar dapibus leo.<\/p>\t\t\t\t\t\t\t\t<\/div>\n\t\t\t\t<div class=\"elementor-element elementor-element-b1c3fec elementor-align-center elementor-widget elementor-widget-button\" data-id=\"b1c3fec\" data-element_type=\"widget\" data-e-type=\"widget\" data-widget_type=\"button.default\">\n\t\t\t\t\t\t\t\t\t\t<a class=\"elementor-button elementor-button-link elementor-size-sm\" href=\"#\">\n\t\t\t\t\t\t<span class=\"elementor-button-content-wrapper\">\n\t\t\t\t\t\t\t\t\t<span class=\"elementor-button-text\">Cliquez ici<\/span>\n\t\t\t\t\t<\/span>\n\t\t\t\t\t<\/a>\n\t\t\t\t\t\t\t\t<\/div>\n\t\t\t\t<\/div>\n\t\t<div class=\"elementor-element elementor-element-ea54233 e-con-full e-flex wpr-particle-no wpr-jarallax-no wpr-parallax-no wpr-sticky-section-no e-con e-child\" data-id=\"ea54233\" data-element_type=\"container\" data-e-type=\"container\">\n\t\t\t\t<div class=\"elementor-element elementor-element-83de773 elementor-widget elementor-widget-heading\" data-id=\"83de773\" data-element_type=\"widget\" data-e-type=\"widget\" data-widget_type=\"heading.default\">\n\t\t\t\t\t<h3 class=\"elementor-heading-title elementor-size-default\">Gainable<\/h3>\t\t\t\t<\/div>\n\t\t\t\t<div class=\"elementor-element elementor-element-6b8aaa3 elementor-widget elementor-widget-image\" data-id=\"6b8aaa3\" data-element_type=\"widget\" data-e-type=\"widget\" data-widget_type=\"image.default\">\n\t\t\t\t\t\t\t\t\t\t\t\t\t\t\t<img decoding=\"async\" src=\"http:\/\/ecp28.com\/wp-content\/plugins\/elementor\/assets\/images\/placeholder.png\" title=\"\" alt=\"\" loading=\"lazy\" \/>\t\t\t\t\t\t\t\t\t\t\t\t\t\t\t<\/div>\n\t\t\t\t<div class=\"elementor-element elementor-element-9036af8 elementor-widget elementor-widget-text-editor\" data-id=\"9036af8\" data-element_type=\"widget\" data-e-type=\"widget\" data-widget_type=\"text-editor.default\">\n\t\t\t\t\t\t\t\t\t<p>Lorem ipsum dolor sit amet, consectetur adipiscing elit. Ut elit tellus, luctus nec ullamcorper mattis, pulvinar dapibus leo.<\/p>\t\t\t\t\t\t\t\t<\/div>\n\t\t\t\t<div class=\"elementor-element elementor-element-634eb1e elementor-align-center elementor-widget elementor-widget-button\" data-id=\"634eb1e\" data-element_type=\"widget\" data-e-type=\"widget\" data-widget_type=\"button.default\">\n\t\t\t\t\t\t\t\t\t\t<a class=\"elementor-button elementor-button-link elementor-size-sm\" href=\"#\">\n\t\t\t\t\t\t<span class=\"elementor-button-content-wrapper\">\n\t\t\t\t\t\t\t\t\t<span class=\"elementor-button-text\">Cliquez ici<\/span>\n\t\t\t\t\t<\/span>\n\t\t\t\t\t<\/a>\n\t\t\t\t\t\t\t\t<\/div>\n\t\t\t\t<\/div>\n\t\t\t\t\t<\/div>\n\t\t\t\t<\/div>\n\t\t\t\t<\/div>\n\t\t","protected":false},"excerpt":{"rendered":"<p>Climatisation, Pompe \u00e0 Chaleur &amp; \u00c9lectricit\u00e9 Installation, maintenance et d\u00e9pannage en Eure-et-Loir (28), Yvelines (78), Loiret (45) et Essonne (91) Cornueau S\u00e9bastien, Fondateur \u2013 Depuis 2019 Fiable et r\u00e9actif, au service de vos projets Cr\u00e9\u00e9e en 2019, l\u2019entreprise s\u2019appuie sur un savoir-faire acquis depuis de nombreuses ann\u00e9es dans les domaines de la climatisation, du froid et de l\u2019\u00e9lectricit\u00e9. Interventions aupr\u00e8s des particuliers et des professionnels, avec une approche bas\u00e9e sur la fiabilit\u00e9, la r\u00e9activit\u00e9 et la qualit\u00e9 du travail, de l\u2019installation au d\u00e9pannage. Nous accompagnons \u00e9galement les professionnels dans leurs projets en sous-traitance, avec s\u00e9rieux, r\u00e9activit\u00e9 et respect des d\u00e9lais. Climatisation &amp; Pompes \u00e0 chaleur Clim (air\/air) Lorem ipsum dolor sit amet, consectetur adipiscing elit. Ut elit tellus, luctus nec ullamcorper mattis, pulvinar dapibus leo. Cliquez ici PAC Air\/Eau Lorem ipsum dolor sit amet, consectetur adipiscing elit. Ut elit tellus, luctus nec ullamcorper mattis, pulvinar dapibus leo. Cliquez ici Gainable Lorem ipsum dolor sit amet, consectetur adipiscing elit. Ut elit tellus, luctus nec ullamcorper mattis, pulvinar dapibus leo. Cliquez ici<\/p>\n","protected":false},"author":1,"featured_media":0,"parent":0,"menu_order":0,"comment_status":"closed","ping_status":"closed","template":"","meta":{"site-sidebar-layout":"no-sidebar","site-content-layout":"plain-container","ast-site-content-layout":"default","site-content-style":"default","site-sidebar-style":"default","ast-global-header-display":"","ast-banner-title-visibility":"","ast-main-header-display":"","ast-hfb-above-header-display":"","ast-hfb-below-header-display":"","ast-hfb-mobile-header-display":"","site-post-title":"","ast-breadcrumbs-content":"","ast-featured-img":"","footer-sml-layout":"","ast-disable-related-posts":"","theme-transparent-header-meta":"enabled","adv-header-id-meta":"","stick-header-meta":"","header-above-stick-meta":"","header-main-stick-meta":"","header-below-stick-meta":"","astra-migrate-meta-layouts":"default","ast-page-background-enabled":"default","ast-page-background-meta":{"desktop":{"background-color":"var(--ast-global-color-5)","background-image":"","background-repeat":"repeat","background-position":"center center","background-size":"auto","background-attachment":"scroll","background-type":"","background-media":"","overlay-type":"","overlay-color":"","overlay-opacity":"","overlay-gradient":""},"tablet":{"background-color":"","background-image":"","background-repeat":"repeat","background-position":"center center","background-size":"auto","background-attachment":"scroll","background-type":"","background-media":"","overlay-type":"","overlay-color":"","overlay-opacity":"","overlay-gradient":""},"mobile":{"background-color":"","background-image":"","background-repeat":"repeat","background-position":"center center","background-size":"auto","background-attachment":"scroll","background-type":"","background-media":"","overlay-type":"","overlay-color":"","overlay-opacity":"","overlay-gradient":""}},"ast-content-background-meta":{"desktop":{"background-color":"var(--ast-global-color-4)","background-image":"","background-repeat":"repeat","background-position":"center center","background-size":"auto","background-attachment":"scroll","background-type":"","background-media":"","overlay-type":"","overlay-color":"","overlay-opacity":"","overlay-gradient":""},"tablet":{"background-color":"var(--ast-global-color-4)","background-image":"","background-repeat":"repeat","background-position":"center center","background-size":"auto","background-attachment":"scroll","background-type":"","background-media":"","overlay-type":"","overlay-color":"","overlay-opacity":"","overlay-gradient":""},"mobile":{"background-color":"var(--ast-global-color-4)","background-image":"","background-repeat":"repeat","background-position":"center center","background-size":"auto","background-attachment":"scroll","background-type":"","background-media":"","overlay-type":"","overlay-color":"","overlay-opacity":"","overlay-gradient":""}},"footnotes":""},"class_list":["post-14","page","type-page","status-publish","hentry"],"yoast_head":"<!-- This site is optimized with the Yoast SEO plugin v27.2 - https:\/\/yoast.com\/product\/yoast-seo-wordpress\/ -->\n<title>- ECP28<\/title>\n<meta name=\"robots\" content=\"noindex, follow, max-snippet:-1, max-image-preview:large, max-video-preview:-1\" \/>\n<meta property=\"og:locale\" content=\"fr_FR\" \/>\n<meta property=\"og:type\" content=\"article\" \/>\n<meta property=\"og:title\" content=\"- ECP28\" \/>\n<meta property=\"og:description\" content=\"Climatisation, Pompe \u00e0 Chaleur &amp; \u00c9lectricit\u00e9 Installation, maintenance et d\u00e9pannage en Eure-et-Loir (28), Yvelines (78), Loiret (45) et Essonne (91) Cornueau S\u00e9bastien, Fondateur \u2013 Depuis 2019 Fiable et r\u00e9actif, au service de vos projets Cr\u00e9\u00e9e en 2019, l\u2019entreprise s\u2019appuie sur un savoir-faire acquis depuis de nombreuses ann\u00e9es dans les domaines de la climatisation, du froid et de l\u2019\u00e9lectricit\u00e9. Interventions aupr\u00e8s des particuliers et des professionnels, avec une approche bas\u00e9e sur la fiabilit\u00e9, la r\u00e9activit\u00e9 et la qualit\u00e9 du travail, de l\u2019installation au d\u00e9pannage. Nous accompagnons \u00e9galement les professionnels dans leurs projets en sous-traitance, avec s\u00e9rieux, r\u00e9activit\u00e9 et respect des d\u00e9lais. Climatisation &amp; Pompes \u00e0 chaleur Clim (air\/air) Lorem ipsum dolor sit amet, consectetur adipiscing elit. Ut elit tellus, luctus nec ullamcorper mattis, pulvinar dapibus leo. Cliquez ici PAC Air\/Eau Lorem ipsum dolor sit amet, consectetur adipiscing elit. Ut elit tellus, luctus nec ullamcorper mattis, pulvinar dapibus leo. Cliquez ici Gainable Lorem ipsum dolor sit amet, consectetur adipiscing elit. Ut elit tellus, luctus nec ullamcorper mattis, pulvinar dapibus leo. Cliquez ici\" \/>\n<meta property=\"og:url\" content=\"http:\/\/ecp28.com\/\" \/>\n<meta property=\"og:site_name\" content=\"ECP28\" \/>\n<meta property=\"article:modified_time\" content=\"2026-04-01T23:01:54+00:00\" \/>\n<meta property=\"og:image\" content=\"http:\/\/ecp28.com\/wp-content\/uploads\/2026\/04\/FCF2DF34-5A46-4893-AECC-3A1A286286D1-768x1152.png\" \/>\n<meta name=\"twitter:card\" content=\"summary_large_image\" \/>\n<meta name=\"twitter:label1\" content=\"Dur\u00e9e de lecture estim\u00e9e\" \/>\n\t<meta name=\"twitter:data1\" content=\"1 minute\" \/>\n<script type=\"application\/ld+json\" class=\"yoast-schema-graph\">{\"@context\":\"https:\/\/schema.org\",\"@graph\":[{\"@type\":\"WebPage\",\"@id\":\"http:\/\/ecp28.com\/\",\"url\":\"http:\/\/ecp28.com\/\",\"name\":\"- ECP28\",\"isPartOf\":{\"@id\":\"http:\/\/ecp28.com\/#website\"},\"primaryImageOfPage\":{\"@id\":\"http:\/\/ecp28.com\/#primaryimage\"},\"image\":{\"@id\":\"http:\/\/ecp28.com\/#primaryimage\"},\"thumbnailUrl\":\"http:\/\/ecp28.com\/wp-content\/uploads\/2026\/04\/FCF2DF34-5A46-4893-AECC-3A1A286286D1-768x1152.png\",\"datePublished\":\"2026-03-25T12:46:04+00:00\",\"dateModified\":\"2026-04-01T23:01:54+00:00\",\"inLanguage\":\"fr-FR\",\"potentialAction\":[{\"@type\":\"ReadAction\",\"target\":[\"http:\/\/ecp28.com\/\"]}]},{\"@type\":\"ImageObject\",\"inLanguage\":\"fr-FR\",\"@id\":\"http:\/\/ecp28.com\/#primaryimage\",\"url\":\"https:\/\/ecp28.com\/wp-content\/uploads\/2026\/04\/FCF2DF34-5A46-4893-AECC-3A1A286286D1.png\",\"contentUrl\":\"https:\/\/ecp28.com\/wp-content\/uploads\/2026\/04\/FCF2DF34-5A46-4893-AECC-3A1A286286D1.png\",\"width\":1024,\"height\":1536,\"caption\":\"Portrait Entrepreneur ECP28\"},{\"@type\":\"WebSite\",\"@id\":\"http:\/\/ecp28.com\/#website\",\"url\":\"http:\/\/ecp28.com\/\",\"name\":\"ECP28\",\"description\":\"Fiable, r\u00e9actif, pr\u00e8s de chez vous.\",\"publisher\":{\"@id\":\"http:\/\/ecp28.com\/#organization\"},\"potentialAction\":[{\"@type\":\"SearchAction\",\"target\":{\"@type\":\"EntryPoint\",\"urlTemplate\":\"http:\/\/ecp28.com\/?s={search_term_string}\"},\"query-input\":{\"@type\":\"PropertyValueSpecification\",\"valueRequired\":true,\"valueName\":\"search_term_string\"}}],\"inLanguage\":\"fr-FR\"},{\"@type\":\"Organization\",\"@id\":\"http:\/\/ecp28.com\/#organization\",\"name\":\"ECP28\",\"url\":\"http:\/\/ecp28.com\/\",\"logo\":{\"@type\":\"ImageObject\",\"inLanguage\":\"fr-FR\",\"@id\":\"http:\/\/ecp28.com\/#\/schema\/logo\/image\/\",\"url\":\"https:\/\/ecp28.com\/wp-content\/uploads\/2026\/03\/cropped-logo-ECP28.png\",\"contentUrl\":\"https:\/\/ecp28.com\/wp-content\/uploads\/2026\/03\/cropped-logo-ECP28.png\",\"width\":2000,\"height\":1353,\"caption\":\"ECP28\"},\"image\":{\"@id\":\"http:\/\/ecp28.com\/#\/schema\/logo\/image\/\"}}]}<\/script>\n<!-- \/ Yoast SEO plugin. -->","yoast_head_json":{"title":"- ECP28","robots":{"index":"noindex","follow":"follow","max-snippet":"max-snippet:-1","max-image-preview":"max-image-preview:large","max-video-preview":"max-video-preview:-1"},"og_locale":"fr_FR","og_type":"article","og_title":"- ECP28","og_description":"Climatisation, Pompe \u00e0 Chaleur &amp; \u00c9lectricit\u00e9 Installation, maintenance et d\u00e9pannage en Eure-et-Loir (28), Yvelines (78), Loiret (45) et Essonne (91) Cornueau S\u00e9bastien, Fondateur \u2013 Depuis 2019 Fiable et r\u00e9actif, au service de vos projets Cr\u00e9\u00e9e en 2019, l\u2019entreprise s\u2019appuie sur un savoir-faire acquis depuis de nombreuses ann\u00e9es dans les domaines de la climatisation, du froid et de l\u2019\u00e9lectricit\u00e9. Interventions aupr\u00e8s des particuliers et des professionnels, avec une approche bas\u00e9e sur la fiabilit\u00e9, la r\u00e9activit\u00e9 et la qualit\u00e9 du travail, de l\u2019installation au d\u00e9pannage. Nous accompagnons \u00e9galement les professionnels dans leurs projets en sous-traitance, avec s\u00e9rieux, r\u00e9activit\u00e9 et respect des d\u00e9lais. Climatisation &amp; Pompes \u00e0 chaleur Clim (air\/air) Lorem ipsum dolor sit amet, consectetur adipiscing elit. Ut elit tellus, luctus nec ullamcorper mattis, pulvinar dapibus leo. Cliquez ici PAC Air\/Eau Lorem ipsum dolor sit amet, consectetur adipiscing elit. Ut elit tellus, luctus nec ullamcorper mattis, pulvinar dapibus leo. Cliquez ici Gainable Lorem ipsum dolor sit amet, consectetur adipiscing elit. Ut elit tellus, luctus nec ullamcorper mattis, pulvinar dapibus leo. Cliquez ici","og_url":"http:\/\/ecp28.com\/","og_site_name":"ECP28","article_modified_time":"2026-04-01T23:01:54+00:00","og_image":[{"url":"http:\/\/ecp28.com\/wp-content\/uploads\/2026\/04\/FCF2DF34-5A46-4893-AECC-3A1A286286D1-768x1152.png","type":"","width":"","height":""}],"twitter_card":"summary_large_image","twitter_misc":{"Dur\u00e9e de lecture estim\u00e9e":"1 minute"},"schema":{"@context":"https:\/\/schema.org","@graph":[{"@type":"WebPage","@id":"http:\/\/ecp28.com\/","url":"http:\/\/ecp28.com\/","name":"- ECP28","isPartOf":{"@id":"http:\/\/ecp28.com\/#website"},"primaryImageOfPage":{"@id":"http:\/\/ecp28.com\/#primaryimage"},"image":{"@id":"http:\/\/ecp28.com\/#primaryimage"},"thumbnailUrl":"http:\/\/ecp28.com\/wp-content\/uploads\/2026\/04\/FCF2DF34-5A46-4893-AECC-3A1A286286D1-768x1152.png","datePublished":"2026-03-25T12:46:04+00:00","dateModified":"2026-04-01T23:01:54+00:00","inLanguage":"fr-FR","potentialAction":[{"@type":"ReadAction","target":["http:\/\/ecp28.com\/"]}]},{"@type":"ImageObject","inLanguage":"fr-FR","@id":"http:\/\/ecp28.com\/#primaryimage","url":"https:\/\/ecp28.com\/wp-content\/uploads\/2026\/04\/FCF2DF34-5A46-4893-AECC-3A1A286286D1.png","contentUrl":"https:\/\/ecp28.com\/wp-content\/uploads\/2026\/04\/FCF2DF34-5A46-4893-AECC-3A1A286286D1.png","width":1024,"height":1536,"caption":"Portrait Entrepreneur ECP28"},{"@type":"WebSite","@id":"http:\/\/ecp28.com\/#website","url":"http:\/\/ecp28.com\/","name":"ECP28","description":"Fiable, r\u00e9actif, pr\u00e8s de chez vous.","publisher":{"@id":"http:\/\/ecp28.com\/#organization"},"potentialAction":[{"@type":"SearchAction","target":{"@type":"EntryPoint","urlTemplate":"http:\/\/ecp28.com\/?s={search_term_string}"},"query-input":{"@type":"PropertyValueSpecification","valueRequired":true,"valueName":"search_term_string"}}],"inLanguage":"fr-FR"},{"@type":"Organization","@id":"http:\/\/ecp28.com\/#organization","name":"ECP28","url":"http:\/\/ecp28.com\/","logo":{"@type":"ImageObject","inLanguage":"fr-FR","@id":"http:\/\/ecp28.com\/#\/schema\/logo\/image\/","url":"https:\/\/ecp28.com\/wp-content\/uploads\/2026\/03\/cropped-logo-ECP28.png","contentUrl":"https:\/\/ecp28.com\/wp-content\/uploads\/2026\/03\/cropped-logo-ECP28.png","width":2000,"height":1353,"caption":"ECP28"},"image":{"@id":"http:\/\/ecp28.com\/#\/schema\/logo\/image\/"}}]}},"_links":{"self":[{"href":"https:\/\/ecp28.com\/index.php\/wp-json\/wp\/v2\/pages\/14","targetHints":{"allow":["GET"]}}],"collection":[{"href":"https:\/\/ecp28.com\/index.php\/wp-json\/wp\/v2\/pages"}],"about":[{"href":"https:\/\/ecp28.com\/index.php\/wp-json\/wp\/v2\/types\/page"}],"author":[{"embeddable":true,"href":"https:\/\/ecp28.com\/index.php\/wp-json\/wp\/v2\/users\/1"}],"replies":[{"embeddable":true,"href":"https:\/\/ecp28.com\/index.php\/wp-json\/wp\/v2\/comments?post=14"}],"version-history":[{"count":18,"href":"https:\/\/ecp28.com\/index.php\/wp-json\/wp\/v2\/pages\/14\/revisions"}],"predecessor-version":[{"id":69,"href":"https:\/\/ecp28.com\/index.php\/wp-json\/wp\/v2\/pages\/14\/revisions\/69"}],"wp:attachment":[{"href":"https:\/\/ecp28.com\/index.php\/wp-json\/wp\/v2\/media?parent=14"}],"curies":[{"name":"wp","href":"https:\/\/api.w.org\/{rel}","templated":true}]}}